{"id":1425,"date":"2022-10-18T14:58:00","date_gmt":"2022-10-18T19:58:00","guid":{"rendered":"https:\/\/combustiblesdeseguridad.com\/?page_id=1425"},"modified":"2022-10-22T01:06:09","modified_gmt":"2022-10-22T06:06:09","slug":"responsabilidad-social","status":"publish","type":"page","link":"https:\/\/combustiblesdeseguridad.com\/?page_id=1425","title":{"rendered":"Responsabilidad social"},"content":{"rendered":"\t\t<div data-elementor-type=\"wp-page\" data-elementor-id=\"1425\" class=\"elementor elementor-1425\">\n\t\t\t\t\t\t\t\t\t<section class=\"elementor-section elementor-top-section elementor-element elementor-element-6ac08c4 elementor-section-boxed elementor-section-height-default elementor-section-height-default\" data-id=\"6ac08c4\" data-element_type=\"section\" data-settings=\"{&quot;background_background&quot;:&quot;classic&quot;}\">\n\t\t\t\t\t\t<div class=\"elementor-container elementor-column-gap-default\">\n\t\t\t\t\t<div class=\"elementor-column elementor-col-100 elementor-top-column elementor-element elementor-element-e41b578\" data-id=\"e41b578\" data-element_type=\"column\">\n\t\t\t<div class=\"elementor-widget-wrap elementor-element-populated\">\n\t\t\t\t\t\t\t\t<div class=\"elementor-element elementor-element-d88fc13 elementor-widget__width-inherit elementor-widget elementor-widget-image\" data-id=\"d88fc13\" data-element_type=\"widget\" data-widget_type=\"image.default\">\n\t\t\t\t<div class=\"elementor-widget-container\">\n\t\t\t<style>\/*! elementor - v3.12.1 - 02-04-2023 *\/\n.elementor-widget-image{text-align:center}.elementor-widget-image a{display:inline-block}.elementor-widget-image a img[src$=\".svg\"]{width:48px}.elementor-widget-image img{vertical-align:middle;display:inline-block}<\/style>\t\t\t\t\t\t\t\t\t\t\t\t<img loading=\"lazy\" decoding=\"async\" width=\"1024\" height=\"576\" src=\"https:\/\/combustiblesdeseguridad.com\/wp-content\/uploads\/2022\/10\/Combustibles-de-1200-\u00d7-1000-px-1200-\u00d7-750-px-1920-\u00d7-1080-px-2-1024x576.png\" class=\"attachment-large size-large wp-image-1451\" alt=\"\" srcset=\"https:\/\/combustiblesdeseguridad.com\/wp-content\/uploads\/2022\/10\/Combustibles-de-1200-\u00d7-1000-px-1200-\u00d7-750-px-1920-\u00d7-1080-px-2-1024x576.png 1024w, https:\/\/combustiblesdeseguridad.com\/wp-content\/uploads\/2022\/10\/Combustibles-de-1200-\u00d7-1000-px-1200-\u00d7-750-px-1920-\u00d7-1080-px-2-300x169.png 300w, https:\/\/combustiblesdeseguridad.com\/wp-content\/uploads\/2022\/10\/Combustibles-de-1200-\u00d7-1000-px-1200-\u00d7-750-px-1920-\u00d7-1080-px-2-768x432.png 768w, https:\/\/combustiblesdeseguridad.com\/wp-content\/uploads\/2022\/10\/Combustibles-de-1200-\u00d7-1000-px-1200-\u00d7-750-px-1920-\u00d7-1080-px-2-1536x864.png 1536w, https:\/\/combustiblesdeseguridad.com\/wp-content\/uploads\/2022\/10\/Combustibles-de-1200-\u00d7-1000-px-1200-\u00d7-750-px-1920-\u00d7-1080-px-2-800x450.png 800w, https:\/\/combustiblesdeseguridad.com\/wp-content\/uploads\/2022\/10\/Combustibles-de-1200-\u00d7-1000-px-1200-\u00d7-750-px-1920-\u00d7-1080-px-2-600x338.png 600w, https:\/\/combustiblesdeseguridad.com\/wp-content\/uploads\/2022\/10\/Combustibles-de-1200-\u00d7-1000-px-1200-\u00d7-750-px-1920-\u00d7-1080-px-2.png 1920w\" sizes=\"auto, (max-width: 1024px) 100vw, 1024px\" \/>\t\t\t\t\t\t\t\t\t\t\t\t\t\t\t<\/div>\n\t\t\t\t<\/div>\n\t\t\t\t<div class=\"elementor-element elementor-element-25923a0 elementor-nav-menu__align-right elementor-nav-menu--dropdown-mobile elementor-nav-menu--stretch elementor-absolute elementor-nav-menu__text-align-aside elementor-widget elementor-widget-nav-menu\" data-id=\"25923a0\" data-element_type=\"widget\" data-settings=\"{&quot;layout&quot;:&quot;vertical&quot;,&quot;full_width&quot;:&quot;stretch&quot;,&quot;_position&quot;:&quot;absolute&quot;,&quot;submenu_icon&quot;:{&quot;value&quot;:&quot;&lt;i class=\\&quot;fas fa-caret-down\\&quot;&gt;&lt;\\\/i&gt;&quot;,&quot;library&quot;:&quot;fa-solid&quot;}}\" data-widget_type=\"nav-menu.default\">\n\t\t\t\t<div class=\"elementor-widget-container\">\n\t\t\t<link rel=\"stylesheet\" href=\"https:\/\/combustiblesdeseguridad.com\/wp-content\/plugins\/elementor-pro\/assets\/css\/widget-nav-menu.min.css\">\t\t\t<nav class=\"elementor-nav-menu--main elementor-nav-menu__container elementor-nav-menu--layout-vertical e--pointer-underline e--animation-slide\">\n\t\t\t\t<ul id=\"menu-1-25923a0\" class=\"elementor-nav-menu sm-vertical\"><li class=\"menu-item menu-item-type-post_type menu-item-object-page menu-item-1436\"><a href=\"https:\/\/combustiblesdeseguridad.com\/?page_id=1434\" class=\"elementor-item\">Pol\u00edticas de Responsabilidad Social<\/a><\/li>\n<li class=\"menu-item menu-item-type-post_type menu-item-object-page menu-item-1437\"><a href=\"https:\/\/combustiblesdeseguridad.com\/?page_id=1432\" class=\"elementor-item\">Recicla con nosotros<\/a><\/li>\n<\/ul>\t\t\t<\/nav>\n\t\t\t\t\t\t<nav class=\"elementor-nav-menu--dropdown elementor-nav-menu__container\" aria-hidden=\"true\">\n\t\t\t\t<ul id=\"menu-2-25923a0\" class=\"elementor-nav-menu sm-vertical\"><li class=\"menu-item menu-item-type-post_type menu-item-object-page menu-item-1436\"><a href=\"https:\/\/combustiblesdeseguridad.com\/?page_id=1434\" class=\"elementor-item\" tabindex=\"-1\">Pol\u00edticas de Responsabilidad Social<\/a><\/li>\n<li class=\"menu-item menu-item-type-post_type menu-item-object-page menu-item-1437\"><a href=\"https:\/\/combustiblesdeseguridad.com\/?page_id=1432\" class=\"elementor-item\" tabindex=\"-1\">Recicla con nosotros<\/a><\/li>\n<\/ul>\t\t\t<\/nav>\n\t\t\t\t<\/div>\n\t\t\t\t<\/div>\n\t\t\t\t\t<\/div>\n\t\t<\/div>\n\t\t\t\t\t\t\t<\/div>\n\t\t<\/section>\n\t\t\t\t\t\t\t<\/div>\n\t\t","protected":false},"excerpt":{"rendered":"","protected":false},"author":1,"featured_media":0,"parent":0,"menu_order":0,"comment_status":"closed","ping_status":"closed","template":"","meta":{"footnotes":""},"class_list":["post-1425","page","type-page","status-publish","hentry","entry"],"_links":{"self":[{"href":"https:\/\/combustiblesdeseguridad.com\/index.php?rest_route=\/wp\/v2\/pages\/1425","targetHints":{"allow":["GET"]}}],"collection":[{"href":"https:\/\/combustiblesdeseguridad.com\/index.php?rest_route=\/wp\/v2\/pages"}],"about":[{"href":"https:\/\/combustiblesdeseguridad.com\/index.php?rest_route=\/wp\/v2\/types\/page"}],"author":[{"embeddable":true,"href":"https:\/\/combustiblesdeseguridad.com\/index.php?rest_route=\/wp\/v2\/users\/1"}],"replies":[{"embeddable":true,"href":"https:\/\/combustiblesdeseguridad.com\/index.php?rest_route=%2Fwp%2Fv2%2Fcomments&post=1425"}],"version-history":[{"count":22,"href":"https:\/\/combustiblesdeseguridad.com\/index.php?rest_route=\/wp\/v2\/pages\/1425\/revisions"}],"predecessor-version":[{"id":2097,"href":"https:\/\/combustiblesdeseguridad.com\/index.php?rest_route=\/wp\/v2\/pages\/1425\/revisions\/2097"}],"wp:attachment":[{"href":"https:\/\/combustiblesdeseguridad.com\/index.php?rest_route=%2Fwp%2Fv2%2Fmedia&parent=1425"}],"curies":[{"name":"wp","href":"https:\/\/api.w.org\/{rel}","templated":true}]}}