{"id":1432,"date":"2022-10-18T15:09:59","date_gmt":"2022-10-18T20:09:59","guid":{"rendered":"https:\/\/combustiblesdeseguridad.com\/?page_id=1432"},"modified":"2022-10-25T00:53:05","modified_gmt":"2022-10-25T05:53:05","slug":"recicla-con-nosotros","status":"publish","type":"page","link":"https:\/\/combustiblesdeseguridad.com\/?page_id=1432","title":{"rendered":"Recicla con nosotros"},"content":{"rendered":"\t\t<div data-elementor-type=\"wp-page\" data-elementor-id=\"1432\" class=\"elementor elementor-1432\">\n\t\t\t\t\t\t\t\t\t<section class=\"elementor-section elementor-top-section elementor-element elementor-element-ba09c1a elementor-section-boxed elementor-section-height-default elementor-section-height-default\" data-id=\"ba09c1a\" data-element_type=\"section\" data-settings=\"{&quot;background_background&quot;:&quot;classic&quot;}\">\n\t\t\t\t\t\t<div class=\"elementor-container elementor-column-gap-default\">\n\t\t\t\t\t<div class=\"elementor-column elementor-col-100 elementor-top-column elementor-element elementor-element-ceeb677\" data-id=\"ceeb677\" data-element_type=\"column\">\n\t\t\t<div class=\"elementor-widget-wrap elementor-element-populated\">\n\t\t\t\t\t\t\t\t<div class=\"elementor-element elementor-element-b9ca3f9 elementor-widget__width-inherit elementor-widget elementor-widget-image\" data-id=\"b9ca3f9\" data-element_type=\"widget\" data-widget_type=\"image.default\">\n\t\t\t\t<div class=\"elementor-widget-container\">\n\t\t\t<style>\/*! elementor - v3.12.1 - 02-04-2023 *\/\n.elementor-widget-image{text-align:center}.elementor-widget-image a{display:inline-block}.elementor-widget-image a img[src$=\".svg\"]{width:48px}.elementor-widget-image img{vertical-align:middle;display:inline-block}<\/style>\t\t\t\t\t\t\t\t\t\t\t\t<img loading=\"lazy\" decoding=\"async\" width=\"1024\" height=\"576\" src=\"https:\/\/combustiblesdeseguridad.com\/wp-content\/uploads\/2022\/10\/Combustibles-de-1200-\u00d7-1000-px-1200-\u00d7-750-px-1920-\u00d7-1080-px-2-1024x576.png\" class=\"attachment-large size-large wp-image-1451\" alt=\"\" srcset=\"https:\/\/combustiblesdeseguridad.com\/wp-content\/uploads\/2022\/10\/Combustibles-de-1200-\u00d7-1000-px-1200-\u00d7-750-px-1920-\u00d7-1080-px-2-1024x576.png 1024w, https:\/\/combustiblesdeseguridad.com\/wp-content\/uploads\/2022\/10\/Combustibles-de-1200-\u00d7-1000-px-1200-\u00d7-750-px-1920-\u00d7-1080-px-2-300x169.png 300w, https:\/\/combustiblesdeseguridad.com\/wp-content\/uploads\/2022\/10\/Combustibles-de-1200-\u00d7-1000-px-1200-\u00d7-750-px-1920-\u00d7-1080-px-2-768x432.png 768w, https:\/\/combustiblesdeseguridad.com\/wp-content\/uploads\/2022\/10\/Combustibles-de-1200-\u00d7-1000-px-1200-\u00d7-750-px-1920-\u00d7-1080-px-2-1536x864.png 1536w, https:\/\/combustiblesdeseguridad.com\/wp-content\/uploads\/2022\/10\/Combustibles-de-1200-\u00d7-1000-px-1200-\u00d7-750-px-1920-\u00d7-1080-px-2-800x450.png 800w, https:\/\/combustiblesdeseguridad.com\/wp-content\/uploads\/2022\/10\/Combustibles-de-1200-\u00d7-1000-px-1200-\u00d7-750-px-1920-\u00d7-1080-px-2-600x338.png 600w, https:\/\/combustiblesdeseguridad.com\/wp-content\/uploads\/2022\/10\/Combustibles-de-1200-\u00d7-1000-px-1200-\u00d7-750-px-1920-\u00d7-1080-px-2.png 1920w\" sizes=\"auto, (max-width: 1024px) 100vw, 1024px\" \/>\t\t\t\t\t\t\t\t\t\t\t\t\t\t\t<\/div>\n\t\t\t\t<\/div>\n\t\t\t\t<div class=\"elementor-element elementor-element-2b1b0ab elementor-nav-menu__align-right elementor-nav-menu--dropdown-mobile elementor-nav-menu--stretch elementor-absolute elementor-nav-menu__text-align-aside elementor-widget elementor-widget-nav-menu\" data-id=\"2b1b0ab\" data-element_type=\"widget\" data-settings=\"{&quot;layout&quot;:&quot;vertical&quot;,&quot;full_width&quot;:&quot;stretch&quot;,&quot;_position&quot;:&quot;absolute&quot;,&quot;submenu_icon&quot;:{&quot;value&quot;:&quot;&lt;i class=\\&quot;fas fa-caret-down\\&quot;&gt;&lt;\\\/i&gt;&quot;,&quot;library&quot;:&quot;fa-solid&quot;}}\" data-widget_type=\"nav-menu.default\">\n\t\t\t\t<div class=\"elementor-widget-container\">\n\t\t\t<link rel=\"stylesheet\" href=\"https:\/\/combustiblesdeseguridad.com\/wp-content\/plugins\/elementor-pro\/assets\/css\/widget-nav-menu.min.css\">\t\t\t<nav class=\"elementor-nav-menu--main elementor-nav-menu__container elementor-nav-menu--layout-vertical e--pointer-underline e--animation-slide\">\n\t\t\t\t<ul id=\"menu-1-2b1b0ab\" class=\"elementor-nav-menu sm-vertical\"><li class=\"menu-item menu-item-type-post_type menu-item-object-page menu-item-1436\"><a href=\"https:\/\/combustiblesdeseguridad.com\/?page_id=1434\" class=\"elementor-item\">Pol\u00edticas de Responsabilidad Social<\/a><\/li>\n<li class=\"menu-item menu-item-type-post_type menu-item-object-page menu-item-1437\"><a href=\"https:\/\/combustiblesdeseguridad.com\/?page_id=1432\" class=\"elementor-item\">Recicla con nosotros<\/a><\/li>\n<\/ul>\t\t\t<\/nav>\n\t\t\t\t\t\t<nav class=\"elementor-nav-menu--dropdown elementor-nav-menu__container\" aria-hidden=\"true\">\n\t\t\t\t<ul id=\"menu-2-2b1b0ab\" class=\"elementor-nav-menu sm-vertical\"><li class=\"menu-item menu-item-type-post_type menu-item-object-page menu-item-1436\"><a href=\"https:\/\/combustiblesdeseguridad.com\/?page_id=1434\" class=\"elementor-item\" tabindex=\"-1\">Pol\u00edticas de Responsabilidad Social<\/a><\/li>\n<li class=\"menu-item menu-item-type-post_type menu-item-object-page menu-item-1437\"><a href=\"https:\/\/combustiblesdeseguridad.com\/?page_id=1432\" class=\"elementor-item\" tabindex=\"-1\">Recicla con nosotros<\/a><\/li>\n<\/ul>\t\t\t<\/nav>\n\t\t\t\t<\/div>\n\t\t\t\t<\/div>\n\t\t\t\t\t<\/div>\n\t\t<\/div>\n\t\t\t\t\t\t\t<\/div>\n\t\t<\/section>\n\t\t\t\t<section class=\"elementor-section elementor-top-section elementor-element elementor-element-7eb2dd6 elementor-section-boxed elementor-section-height-default elementor-section-height-default\" data-id=\"7eb2dd6\" data-element_type=\"section\">\n\t\t\t\t\t\t<div class=\"elementor-container elementor-column-gap-default\">\n\t\t\t\t\t<div class=\"elementor-column elementor-col-50 elementor-top-column elementor-element elementor-element-d392a29\" data-id=\"d392a29\" data-element_type=\"column\">\n\t\t\t<div class=\"elementor-widget-wrap elementor-element-populated\">\n\t\t\t\t\t\t\t\t<div class=\"elementor-element elementor-element-a0256b1 elementor-flip-box--3d elementor-flip-box--effect-flip elementor-flip-box--direction-up elementor-widget elementor-widget-flip-box\" data-id=\"a0256b1\" data-element_type=\"widget\" data-widget_type=\"flip-box.default\">\n\t\t\t\t<div class=\"elementor-widget-container\">\n\t\t\t<link rel=\"stylesheet\" href=\"https:\/\/combustiblesdeseguridad.com\/wp-content\/plugins\/elementor-pro\/assets\/css\/widget-flip-box.min.css\">\t\t<div class=\"elementor-flip-box\" tabindex=\"0\">\n\t\t\t<div class=\"elementor-flip-box__layer elementor-flip-box__front\">\n\t\t\t\t<div class=\"elementor-flip-box__layer__overlay\">\n\t\t\t\t\t<div class=\"elementor-flip-box__layer__inner\">\n\t\t\t\t\t\t\n\t\t\t\t\t\t\n\t\t\t\t\t\t\t\t\t\t\t<\/div>\n\t\t\t\t<\/div>\n\t\t\t<\/div>\n\t\t\t<div class=\"elementor-flip-box__layer elementor-flip-box__back\">\n\t\t\t<div class=\"elementor-flip-box__layer__overlay\">\n\t\t\t\t<div class=\"elementor-flip-box__layer__inner\">\n\t\t\t\t\t\t\t\t\t\t\t<h3 class=\"elementor-flip-box__layer__title\">\n\t\t\t\t\t\t\tGAL\u00d3N DE FLAMMA\t\t\t\t\t\t<\/h3>\n\t\t\t\t\t\n\t\t\t\t\t\t\t\t\t\t\t<div class=\"elementor-flip-box__layer__description\">\n\t\t\t\t\t\t\tPara realizar tu canje y contribuir al reciclado de las 25 fundas de FLAMMA por 1 gal\u00f3n de FLAMMA, es indispensable que los envases incluyan tapa, no tengan perforaciones y est\u00e1n en buen estado.\n\nPara realizar tu canje, comun\u00edcate por aqu\u00ed.\n\t\t\t\t\t\t<\/div>\n\t\t\t\t\t\n\t\t\t\t\t\t\t\t\t\t\t<a class=\"elementor-flip-box__button elementor-button elementor-size-lg\" href=\"https:\/\/wa.link\/c0r0a5\">\n\t\t\t\t\t\t\tSolicitar mi canje\t\t\t\t\t\t<\/a>\n\t\t\t\t\t\t\t\t<\/div>\n\t\t<\/div>\n\t\t<\/div>\n\t\t<\/div>\n\t\t\t\t<\/div>\n\t\t\t\t<\/div>\n\t\t\t\t\t<\/div>\n\t\t<\/div>\n\t\t\t\t<div class=\"elementor-column elementor-col-50 elementor-top-column elementor-element elementor-element-123094a\" data-id=\"123094a\" data-element_type=\"column\">\n\t\t\t<div class=\"elementor-widget-wrap elementor-element-populated\">\n\t\t\t\t\t\t\t\t<div class=\"elementor-element elementor-element-fff5837 elementor-flip-box--3d elementor-flip-box--effect-flip elementor-flip-box--direction-up elementor-widget elementor-widget-flip-box\" data-id=\"fff5837\" data-element_type=\"widget\" data-widget_type=\"flip-box.default\">\n\t\t\t\t<div class=\"elementor-widget-container\">\n\t\t\t\t\t<div class=\"elementor-flip-box\" tabindex=\"0\">\n\t\t\t<div class=\"elementor-flip-box__layer elementor-flip-box__front\">\n\t\t\t\t<div class=\"elementor-flip-box__layer__overlay\">\n\t\t\t\t\t<div class=\"elementor-flip-box__layer__inner\">\n\t\t\t\t\t\t\n\t\t\t\t\t\t\n\t\t\t\t\t\t\t\t\t\t\t<\/div>\n\t\t\t\t<\/div>\n\t\t\t<\/div>\n\t\t\t<div class=\"elementor-flip-box__layer elementor-flip-box__back\">\n\t\t\t<div class=\"elementor-flip-box__layer__overlay\">\n\t\t\t\t<div class=\"elementor-flip-box__layer__inner\">\n\t\t\t\t\t\t\t\t\t\t\t<h3 class=\"elementor-flip-box__layer__title\">\n\t\t\t\t\t\t\tCANECA DE FOGON\t\t\t\t\t\t<\/h3>\n\t\t\t\t\t\n\t\t\t\t\t\t\t\t\t\t\t<div class=\"elementor-flip-box__layer__description\">\n\t\t\t\t\t\t\tPara realizar tu canje y el reciclado de las canecas de FOGON, es indispensable que los envases incluyan tapa, no tengan perforaciones y est\u00e1n en buen estado.\n\nPara realizar tu canje, comun\u00edcate por aqu\u00ed.\n\n\t\t\t\t\t\t<\/div>\n\t\t\t\t\t\n\t\t\t\t\t\t\t\t\t\t\t<a class=\"elementor-flip-box__button elementor-button elementor-size-lg\" href=\"https:\/\/wa.link\/c0r0a5\">\n\t\t\t\t\t\t\tSolicitar mi canje\t\t\t\t\t\t<\/a>\n\t\t\t\t\t\t\t\t<\/div>\n\t\t<\/div>\n\t\t<\/div>\n\t\t<\/div>\n\t\t\t\t<\/div>\n\t\t\t\t<\/div>\n\t\t\t\t\t<\/div>\n\t\t<\/div>\n\t\t\t\t\t\t\t<\/div>\n\t\t<\/section>\n\t\t\t\t\t\t\t<\/div>\n\t\t","protected":false},"excerpt":{"rendered":"<p>GAL\u00d3N DE FLAMMA Para realizar tu canje y contribuir al reciclado de las 25 fundas de FLAMMA por 1 gal\u00f3n de FLAMMA, es indispensable que los envases incluyan tapa, no tengan perforaciones y est\u00e1n en buen estado. Para realizar tu canje, comun\u00edcate por aqu\u00ed. Solicitar mi canje CANECA DE FOGON Para realizar tu canje y [&hellip;]<\/p>\n","protected":false},"author":1,"featured_media":0,"parent":0,"menu_order":0,"comment_status":"closed","ping_status":"closed","template":"","meta":{"footnotes":""},"class_list":["post-1432","page","type-page","status-publish","hentry","entry"],"_links":{"self":[{"href":"https:\/\/combustiblesdeseguridad.com\/index.php?rest_route=\/wp\/v2\/pages\/1432","targetHints":{"allow":["GET"]}}],"collection":[{"href":"https:\/\/combustiblesdeseguridad.com\/index.php?rest_route=\/wp\/v2\/pages"}],"about":[{"href":"https:\/\/combustiblesdeseguridad.com\/index.php?rest_route=\/wp\/v2\/types\/page"}],"author":[{"embeddable":true,"href":"https:\/\/combustiblesdeseguridad.com\/index.php?rest_route=\/wp\/v2\/users\/1"}],"replies":[{"embeddable":true,"href":"https:\/\/combustiblesdeseguridad.com\/index.php?rest_route=%2Fwp%2Fv2%2Fcomments&post=1432"}],"version-history":[{"count":11,"href":"https:\/\/combustiblesdeseguridad.com\/index.php?rest_route=\/wp\/v2\/pages\/1432\/revisions"}],"predecessor-version":[{"id":2176,"href":"https:\/\/combustiblesdeseguridad.com\/index.php?rest_route=\/wp\/v2\/pages\/1432\/revisions\/2176"}],"wp:attachment":[{"href":"https:\/\/combustiblesdeseguridad.com\/index.php?rest_route=%2Fwp%2Fv2%2Fmedia&parent=1432"}],"curies":[{"name":"wp","href":"https:\/\/api.w.org\/{rel}","templated":true}]}}