{"id":1713,"date":"2022-10-21T03:42:11","date_gmt":"2022-10-21T08:42:11","guid":{"rendered":"https:\/\/combustiblesdeseguridad.com\/?page_id=1713"},"modified":"2023-05-16T18:39:16","modified_gmt":"2023-05-16T23:39:16","slug":"metodos-de-envio-y-costo","status":"publish","type":"page","link":"https:\/\/combustiblesdeseguridad.com\/?page_id=1713","title":{"rendered":"M\u00c9TODOS DE ENV\u00cdO Y COSTO"},"content":{"rendered":"\t\t<div data-elementor-type=\"wp-page\" data-elementor-id=\"1713\" class=\"elementor elementor-1713\">\n\t\t\t\t\t\t\t\t\t<section class=\"elementor-section elementor-top-section elementor-element elementor-element-e019223 elementor-section-boxed elementor-section-height-default elementor-section-height-default\" data-id=\"e019223\" data-element_type=\"section\">\n\t\t\t\t\t\t<div class=\"elementor-container elementor-column-gap-default\">\n\t\t\t\t\t<div class=\"elementor-column elementor-col-100 elementor-top-column elementor-element elementor-element-53c48f4\" data-id=\"53c48f4\" data-element_type=\"column\">\n\t\t\t<div class=\"elementor-widget-wrap elementor-element-populated\">\n\t\t\t\t\t\t\t\t<div class=\"elementor-element elementor-element-9478f44 elementor-align-left elementor-widget elementor-widget-button\" data-id=\"9478f44\" data-element_type=\"widget\" data-widget_type=\"button.default\">\n\t\t\t\t<div class=\"elementor-widget-container\">\n\t\t\t\t\t<div class=\"elementor-button-wrapper\">\n\t\t\t<a href=\"https:\/\/combustiblesdeseguridad.com\/?page_id=1605\" class=\"elementor-button-link elementor-button elementor-size-sm\" role=\"button\">\n\t\t\t\t\t\t<span class=\"elementor-button-content-wrapper\">\n\t\t\t\t\t\t\t<span class=\"elementor-button-icon elementor-align-icon-left\">\n\t\t\t\t<i aria-hidden=\"true\" class=\"far fa-arrow-alt-circle-left\"><\/i>\t\t\t<\/span>\n\t\t\t\t\t\t<span class=\"elementor-button-text\">AYUDA<\/span>\n\t\t<\/span>\n\t\t\t\t\t<\/a>\n\t\t<\/div>\n\t\t\t\t<\/div>\n\t\t\t\t<\/div>\n\t\t\t\t\t<\/div>\n\t\t<\/div>\n\t\t\t\t\t\t\t<\/div>\n\t\t<\/section>\n\t\t\t\t<section class=\"elementor-section elementor-top-section elementor-element elementor-element-26e26ef elementor-section-boxed elementor-section-height-default elementor-section-height-default\" data-id=\"26e26ef\" data-element_type=\"section\">\n\t\t\t\t\t\t<div class=\"elementor-container elementor-column-gap-default\">\n\t\t\t\t\t<div class=\"elementor-column elementor-col-33 elementor-top-column elementor-element elementor-element-49f348b\" data-id=\"49f348b\" data-element_type=\"column\">\n\t\t\t<div class=\"elementor-widget-wrap elementor-element-populated\">\n\t\t\t\t\t\t\t\t<div class=\"elementor-element elementor-element-62917c1 elementor-position-top elementor-view-default elementor-mobile-position-top elementor-vertical-align-top elementor-widget elementor-widget-icon-box\" data-id=\"62917c1\" data-element_type=\"widget\" data-widget_type=\"icon-box.default\">\n\t\t\t\t<div class=\"elementor-widget-container\">\n\t\t\t<link rel=\"stylesheet\" href=\"https:\/\/combustiblesdeseguridad.com\/wp-content\/plugins\/elementor\/assets\/css\/widget-icon-box.min.css\">\t\t<div class=\"elementor-icon-box-wrapper\">\n\t\t\t\t\t\t<div class=\"elementor-icon-box-icon\">\n\t\t\t\t<span class=\"elementor-icon elementor-animation-\" >\n\t\t\t\t<i aria-hidden=\"true\" class=\"fas fa-boxes\"><\/i>\t\t\t\t<\/span>\n\t\t\t<\/div>\n\t\t\t\t\t\t<div class=\"elementor-icon-box-content\">\n\t\t\t\t<h3 class=\"elementor-icon-box-title\">\n\t\t\t\t\t<span  >\n\t\t\t\t\t\tM\u00c9TODOS DE ENV\u00cdO Y COSTO\t\t\t\t\t<\/span>\n\t\t\t\t<\/h3>\n\t\t\t\t\t\t\t<\/div>\n\t\t<\/div>\n\t\t\t\t<\/div>\n\t\t\t\t<\/div>\n\t\t\t\t\t<\/div>\n\t\t<\/div>\n\t\t\t\t<div class=\"elementor-column elementor-col-33 elementor-top-column elementor-element elementor-element-4d5ba8c\" data-id=\"4d5ba8c\" data-element_type=\"column\">\n\t\t\t<div class=\"elementor-widget-wrap elementor-element-populated\">\n\t\t\t\t\t\t\t\t<div class=\"elementor-element elementor-element-1bd81a6 elementor-position-top elementor-view-default elementor-mobile-position-top elementor-vertical-align-top elementor-widget elementor-widget-icon-box\" data-id=\"1bd81a6\" data-element_type=\"widget\" data-widget_type=\"icon-box.default\">\n\t\t\t\t<div class=\"elementor-widget-container\">\n\t\t\t\t\t<div class=\"elementor-icon-box-wrapper\">\n\t\t\t\t\t\t<div class=\"elementor-icon-box-icon\">\n\t\t\t\t<a class=\"elementor-icon elementor-animation-\" href=\"https:\/\/combustiblesdeseguridad.com\/?page_id=1746\">\n\t\t\t\t<i aria-hidden=\"true\" class=\"fas fa-clipboard-check\"><\/i>\t\t\t\t<\/a>\n\t\t\t<\/div>\n\t\t\t\t\t\t<div class=\"elementor-icon-box-content\">\n\t\t\t\t<h3 class=\"elementor-icon-box-title\">\n\t\t\t\t\t<a href=\"https:\/\/combustiblesdeseguridad.com\/?page_id=1746\" >\n\t\t\t\t\t\tESTADO DEL PEDIDO \t\t\t\t\t<\/a>\n\t\t\t\t<\/h3>\n\t\t\t\t\t\t\t<\/div>\n\t\t<\/div>\n\t\t\t\t<\/div>\n\t\t\t\t<\/div>\n\t\t\t\t\t<\/div>\n\t\t<\/div>\n\t\t\t\t<div class=\"elementor-column elementor-col-33 elementor-top-column elementor-element elementor-element-2aab72f\" data-id=\"2aab72f\" data-element_type=\"column\">\n\t\t\t<div class=\"elementor-widget-wrap elementor-element-populated\">\n\t\t\t\t\t\t\t\t<div class=\"elementor-element elementor-element-4abe64f elementor-position-top elementor-widget__width-initial elementor-view-default elementor-mobile-position-top elementor-vertical-align-top elementor-widget elementor-widget-icon-box\" data-id=\"4abe64f\" data-element_type=\"widget\" data-widget_type=\"icon-box.default\">\n\t\t\t\t<div class=\"elementor-widget-container\">\n\t\t\t\t\t<div class=\"elementor-icon-box-wrapper\">\n\t\t\t\t\t\t<div class=\"elementor-icon-box-icon\">\n\t\t\t\t<a class=\"elementor-icon elementor-animation-\" href=\"https:\/\/combustiblesdeseguridad.com\/?page_id=1752\">\n\t\t\t\t<i aria-hidden=\"true\" class=\"fas fa-map-marked-alt\"><\/i>\t\t\t\t<\/a>\n\t\t\t<\/div>\n\t\t\t\t\t\t<div class=\"elementor-icon-box-content\">\n\t\t\t\t<h3 class=\"elementor-icon-box-title\">\n\t\t\t\t\t<a href=\"https:\/\/combustiblesdeseguridad.com\/?page_id=1752\" >\n\t\t\t\t\t\tRESTRICCIONES\t\t\t\t\t<\/a>\n\t\t\t\t<\/h3>\n\t\t\t\t\t\t\t<\/div>\n\t\t<\/div>\n\t\t\t\t<\/div>\n\t\t\t\t<\/div>\n\t\t\t\t\t<\/div>\n\t\t<\/div>\n\t\t\t\t\t\t\t<\/div>\n\t\t<\/section>\n\t\t\t\t<section class=\"elementor-section elementor-top-section elementor-element elementor-element-d1dfdbb elementor-section-boxed elementor-section-height-default elementor-section-height-default\" data-id=\"d1dfdbb\" data-element_type=\"section\">\n\t\t\t\t\t\t<div class=\"elementor-container elementor-column-gap-default\">\n\t\t\t\t\t<div class=\"elementor-column elementor-col-100 elementor-top-column elementor-element elementor-element-72b8839\" data-id=\"72b8839\" data-element_type=\"column\">\n\t\t\t<div class=\"elementor-widget-wrap elementor-element-populated\">\n\t\t\t\t\t\t\t\t<div class=\"elementor-element elementor-element-3945553 elementor-view-framed elementor-position-left elementor-shape-circle elementor-mobile-position-top elementor-vertical-align-top elementor-widget elementor-widget-icon-box\" data-id=\"3945553\" data-element_type=\"widget\" data-widget_type=\"icon-box.default\">\n\t\t\t\t<div class=\"elementor-widget-container\">\n\t\t\t\t\t<div class=\"elementor-icon-box-wrapper\">\n\t\t\t\t\t\t<div class=\"elementor-icon-box-icon\">\n\t\t\t\t<span class=\"elementor-icon elementor-animation-\" >\n\t\t\t\t<i aria-hidden=\"true\" class=\"fas fa-boxes\"><\/i>\t\t\t\t<\/span>\n\t\t\t<\/div>\n\t\t\t\t\t\t<div class=\"elementor-icon-box-content\">\n\t\t\t\t<h1 class=\"elementor-icon-box-title\">\n\t\t\t\t\t<span  >\n\t\t\t\t\t\tM\u00c9TODOS DE ENV\u00cdO Y COSTO\t\t\t\t\t<\/span>\n\t\t\t\t<\/h1>\n\t\t\t\t\t\t\t<\/div>\n\t\t<\/div>\n\t\t\t\t<\/div>\n\t\t\t\t<\/div>\n\t\t\t\t<div class=\"elementor-element elementor-element-fd2aad6 elementor-widget elementor-widget-text-editor\" data-id=\"fd2aad6\" data-element_type=\"widget\" data-widget_type=\"text-editor.default\">\n\t\t\t\t<div class=\"elementor-widget-container\">\n\t\t\t<style>\/*! elementor - v3.12.1 - 02-04-2023 *\/\n.elementor-widget-text-editor.elementor-drop-cap-view-stacked .elementor-drop-cap{background-color:#69727d;color:#fff}.elementor-widget-text-editor.elementor-drop-cap-view-framed .elementor-drop-cap{color:#69727d;border:3px solid;background-color:transparent}.elementor-widget-text-editor:not(.elementor-drop-cap-view-default) .elementor-drop-cap{margin-top:8px}.elementor-widget-text-editor:not(.elementor-drop-cap-view-default) .elementor-drop-cap-letter{width:1em;height:1em}.elementor-widget-text-editor .elementor-drop-cap{float:left;text-align:center;line-height:1;font-size:50px}.elementor-widget-text-editor .elementor-drop-cap-letter{display:inline-block}<\/style>\t\t\t\t<p>Las opciones de env\u00edo pueden variar en funci\u00f3n de la direcci\u00f3n de entrega, la hora de tu compra y la disponibilidad de los art\u00edculos.<\/p><p><strong>En el momento de procesar tu compra, te mostraremos los m\u00e9todos de env\u00edo disponibles, el costo y la fecha de entrega de tu pedido.<\/strong><\/p><p><span style=\"text-decoration: underline;\">Posibles opciones de entrega:<\/span><\/p><p><span style=\"color: #ca0000;\"><strong>Entrega est\u00e1ndar GRATUITO:<\/strong><\/span><\/p><p>Para pedidos en el per\u00edmetro Urbano de la ciudad de Quito (A PARTIR DE 150 USD)<br \/>El plazo estimado de entrega oscilar\u00e1 entre 1-2 d\u00edas laborables, dependiendo de la direcci\u00f3n de entrega.<br \/>Si has realizado la compra como usuario registrado, podr\u00e1s modificar la direcci\u00f3n de entrega accediendo al detalle de tu pedido desde tu cuenta; siempre y cuando el estado del pedido lo permita.<\/p><p><span style=\"color: #ca0000;\"><strong>Entrega est\u00e1ndar:<\/strong><\/span><\/p><p>Para pedidos fuera del per\u00edmetro urbano de la ciudad de Quito, Pichincha- Ecuador, se recomienda consultar la App de Urbano \u00f3 Uber Encargos.<br \/>El plazo estimado de entrega oscilar\u00e1 entre 1-2 d\u00edas laborables, dependiendo de la direcci\u00f3n de entrega.<br \/>Consulte con nosotros, medidas y peso de su pedido global.<\/p><p><span style=\"color: #ca0000;\"><strong>Punto de entrega GRATUITO:<\/strong><\/span><\/p><p>En el punto de entrega estar\u00e1 listo tu pedido entre 1-2 d\u00edas laborables.<br \/>Te mostraremos el punto de entrega disponible en el momento de la compra.<br \/>Recuerda que para recoger tu pedido es necesario que presentes un documento identificativo. Si la persona que acude a recoger el pedido es distinta a la que lo ha comprado, necesitar\u00e1 presentar copia de la transacci\u00f3n y los datos de facturaci\u00f3n.<br \/>Ten en cuenta que <b>las entregas se realizan solo en d\u00edas laborables<\/b>.<br \/>Consulte con nosotros, medidas y peso de su pedido global.<\/p>\t\t\t\t\t\t<\/div>\n\t\t\t\t<\/div>\n\t\t\t\t\t<\/div>\n\t\t<\/div>\n\t\t\t\t\t\t\t<\/div>\n\t\t<\/section>\n\t\t\t\t\t\t\t<\/div>\n\t\t","protected":false},"excerpt":{"rendered":"<p>AYUDA M\u00c9TODOS DE ENV\u00cdO Y COSTO ESTADO DEL PEDIDO RESTRICCIONES M\u00c9TODOS DE ENV\u00cdO Y COSTO Las opciones de env\u00edo pueden variar en funci\u00f3n de la direcci\u00f3n de entrega, la hora de tu compra y la disponibilidad de los art\u00edculos. En el momento de procesar tu compra, te mostraremos los m\u00e9todos de env\u00edo disponibles, el costo [&hellip;]<\/p>\n","protected":false},"author":1,"featured_media":0,"parent":0,"menu_order":0,"comment_status":"closed","ping_status":"closed","template":"","meta":{"footnotes":""},"class_list":["post-1713","page","type-page","status-publish","hentry","entry"],"_links":{"self":[{"href":"https:\/\/combustiblesdeseguridad.com\/index.php?rest_route=\/wp\/v2\/pages\/1713","targetHints":{"allow":["GET"]}}],"collection":[{"href":"https:\/\/combustiblesdeseguridad.com\/index.php?rest_route=\/wp\/v2\/pages"}],"about":[{"href":"https:\/\/combustiblesdeseguridad.com\/index.php?rest_route=\/wp\/v2\/types\/page"}],"author":[{"embeddable":true,"href":"https:\/\/combustiblesdeseguridad.com\/index.php?rest_route=\/wp\/v2\/users\/1"}],"replies":[{"embeddable":true,"href":"https:\/\/combustiblesdeseguridad.com\/index.php?rest_route=%2Fwp%2Fv2%2Fcomments&post=1713"}],"version-history":[{"count":46,"href":"https:\/\/combustiblesdeseguridad.com\/index.php?rest_route=\/wp\/v2\/pages\/1713\/revisions"}],"predecessor-version":[{"id":3401,"href":"https:\/\/combustiblesdeseguridad.com\/index.php?rest_route=\/wp\/v2\/pages\/1713\/revisions\/3401"}],"wp:attachment":[{"href":"https:\/\/combustiblesdeseguridad.com\/index.php?rest_route=%2Fwp%2Fv2%2Fmedia&parent=1713"}],"curies":[{"name":"wp","href":"https:\/\/api.w.org\/{rel}","templated":true}]}}