{"id":1770,"date":"2022-10-21T04:10:46","date_gmt":"2022-10-21T09:10:46","guid":{"rendered":"https:\/\/combustiblesdeseguridad.com\/?page_id=1770"},"modified":"2023-05-16T18:51:54","modified_gmt":"2023-05-16T23:51:54","slug":"cambios-y-devoluciones","status":"publish","type":"page","link":"https:\/\/combustiblesdeseguridad.com\/?page_id=1770","title":{"rendered":"CAMBIOS Y DEVOLUCIONES"},"content":{"rendered":"\t\t<div data-elementor-type=\"wp-page\" data-elementor-id=\"1770\" class=\"elementor elementor-1770\">\n\t\t\t\t\t\t\t\t\t<section class=\"elementor-section elementor-top-section elementor-element elementor-element-b443f1a elementor-section-boxed elementor-section-height-default elementor-section-height-default\" data-id=\"b443f1a\" data-element_type=\"section\">\n\t\t\t\t\t\t<div class=\"elementor-container elementor-column-gap-default\">\n\t\t\t\t\t<div class=\"elementor-column elementor-col-100 elementor-top-column elementor-element elementor-element-0a5dda9\" data-id=\"0a5dda9\" data-element_type=\"column\">\n\t\t\t<div class=\"elementor-widget-wrap elementor-element-populated\">\n\t\t\t\t\t\t\t\t<div class=\"elementor-element elementor-element-d661ccd elementor-align-left elementor-widget elementor-widget-button\" data-id=\"d661ccd\" data-element_type=\"widget\" data-widget_type=\"button.default\">\n\t\t\t\t<div class=\"elementor-widget-container\">\n\t\t\t\t\t<div class=\"elementor-button-wrapper\">\n\t\t\t<a href=\"https:\/\/combustiblesdeseguridad.com\/?page_id=1605\" class=\"elementor-button-link elementor-button elementor-size-sm\" role=\"button\">\n\t\t\t\t\t\t<span class=\"elementor-button-content-wrapper\">\n\t\t\t\t\t\t\t<span class=\"elementor-button-icon elementor-align-icon-left\">\n\t\t\t\t<i aria-hidden=\"true\" class=\"far fa-arrow-alt-circle-left\"><\/i>\t\t\t<\/span>\n\t\t\t\t\t\t<span class=\"elementor-button-text\">AYUDA<\/span>\n\t\t<\/span>\n\t\t\t\t\t<\/a>\n\t\t<\/div>\n\t\t\t\t<\/div>\n\t\t\t\t<\/div>\n\t\t\t\t\t<\/div>\n\t\t<\/div>\n\t\t\t\t\t\t\t<\/div>\n\t\t<\/section>\n\t\t\t\t<section class=\"elementor-section elementor-top-section elementor-element elementor-element-9ca6da2 elementor-section-boxed elementor-section-height-default elementor-section-height-default\" data-id=\"9ca6da2\" data-element_type=\"section\">\n\t\t\t\t\t\t<div class=\"elementor-container elementor-column-gap-default\">\n\t\t\t\t\t<div class=\"elementor-column elementor-col-33 elementor-top-column elementor-element elementor-element-f968522\" data-id=\"f968522\" data-element_type=\"column\">\n\t\t\t<div class=\"elementor-widget-wrap elementor-element-populated\">\n\t\t\t\t\t\t\t\t<div class=\"elementor-element elementor-element-52474e6 elementor-position-top elementor-view-default elementor-mobile-position-top elementor-vertical-align-top elementor-widget elementor-widget-icon-box\" data-id=\"52474e6\" data-element_type=\"widget\" data-widget_type=\"icon-box.default\">\n\t\t\t\t<div class=\"elementor-widget-container\">\n\t\t\t<link rel=\"stylesheet\" href=\"https:\/\/combustiblesdeseguridad.com\/wp-content\/plugins\/elementor\/assets\/css\/widget-icon-box.min.css\">\t\t<div class=\"elementor-icon-box-wrapper\">\n\t\t\t\t\t\t<div class=\"elementor-icon-box-icon\">\n\t\t\t\t<span class=\"elementor-icon elementor-animation-\" >\n\t\t\t\t<i aria-hidden=\"true\" class=\"fas fa-cart-arrow-down\"><\/i>\t\t\t\t<\/span>\n\t\t\t<\/div>\n\t\t\t\t\t\t<div class=\"elementor-icon-box-content\">\n\t\t\t\t<h3 class=\"elementor-icon-box-title\">\n\t\t\t\t\t<span  >\n\t\t\t\t\t\tC\u00d3MO DEVOLVER\t\t\t\t\t<\/span>\n\t\t\t\t<\/h3>\n\t\t\t\t\t\t\t<\/div>\n\t\t<\/div>\n\t\t\t\t<\/div>\n\t\t\t\t<\/div>\n\t\t\t\t\t<\/div>\n\t\t<\/div>\n\t\t\t\t<div class=\"elementor-column elementor-col-33 elementor-top-column elementor-element elementor-element-64597d9\" data-id=\"64597d9\" data-element_type=\"column\">\n\t\t\t<div class=\"elementor-widget-wrap elementor-element-populated\">\n\t\t\t\t\t\t\t\t<div class=\"elementor-element elementor-element-10e87e4 elementor-position-top elementor-view-default elementor-mobile-position-top elementor-vertical-align-top elementor-widget elementor-widget-icon-box\" data-id=\"10e87e4\" data-element_type=\"widget\" data-widget_type=\"icon-box.default\">\n\t\t\t\t<div class=\"elementor-widget-container\">\n\t\t\t\t\t<div class=\"elementor-icon-box-wrapper\">\n\t\t\t\t\t\t<div class=\"elementor-icon-box-icon\">\n\t\t\t\t<a class=\"elementor-icon elementor-animation-\" href=\"https:\/\/combustiblesdeseguridad.com\/?page_id=1789\">\n\t\t\t\t<i aria-hidden=\"true\" class=\"fas fa-handshake\"><\/i>\t\t\t\t<\/a>\n\t\t\t<\/div>\n\t\t\t\t\t\t<div class=\"elementor-icon-box-content\">\n\t\t\t\t<h3 class=\"elementor-icon-box-title\">\n\t\t\t\t\t<a href=\"https:\/\/combustiblesdeseguridad.com\/?page_id=1789\" >\n\t\t\t\t\t\tC\u00d3MO CAMBIAR\t\t\t\t\t<\/a>\n\t\t\t\t<\/h3>\n\t\t\t\t\t\t\t<\/div>\n\t\t<\/div>\n\t\t\t\t<\/div>\n\t\t\t\t<\/div>\n\t\t\t\t\t<\/div>\n\t\t<\/div>\n\t\t\t\t<div class=\"elementor-column elementor-col-33 elementor-top-column elementor-element elementor-element-dd2cb75\" data-id=\"dd2cb75\" data-element_type=\"column\">\n\t\t\t<div class=\"elementor-widget-wrap elementor-element-populated\">\n\t\t\t\t\t\t\t\t<div class=\"elementor-element elementor-element-1f3b93a elementor-position-top elementor-view-default elementor-mobile-position-top elementor-vertical-align-top elementor-widget elementor-widget-icon-box\" data-id=\"1f3b93a\" data-element_type=\"widget\" data-widget_type=\"icon-box.default\">\n\t\t\t\t<div class=\"elementor-widget-container\">\n\t\t\t\t\t<div class=\"elementor-icon-box-wrapper\">\n\t\t\t\t\t\t<div class=\"elementor-icon-box-icon\">\n\t\t\t\t<a class=\"elementor-icon elementor-animation-\" href=\"https:\/\/combustiblesdeseguridad.com\/?page_id=1794\">\n\t\t\t\t<i aria-hidden=\"true\" class=\"fas fa-money-check-alt\"><\/i>\t\t\t\t<\/a>\n\t\t\t<\/div>\n\t\t\t\t\t\t<div class=\"elementor-icon-box-content\">\n\t\t\t\t<h3 class=\"elementor-icon-box-title\">\n\t\t\t\t\t<a href=\"https:\/\/combustiblesdeseguridad.com\/?page_id=1794\" >\n\t\t\t\t\t\tREEMBOLSO\t\t\t\t\t<\/a>\n\t\t\t\t<\/h3>\n\t\t\t\t\t\t\t<\/div>\n\t\t<\/div>\n\t\t\t\t<\/div>\n\t\t\t\t<\/div>\n\t\t\t\t\t<\/div>\n\t\t<\/div>\n\t\t\t\t\t\t\t<\/div>\n\t\t<\/section>\n\t\t\t\t<section class=\"elementor-section elementor-top-section elementor-element elementor-element-c591c04 elementor-section-boxed elementor-section-height-default elementor-section-height-default\" data-id=\"c591c04\" data-element_type=\"section\">\n\t\t\t\t\t\t<div class=\"elementor-container elementor-column-gap-default\">\n\t\t\t\t\t<div class=\"elementor-column elementor-col-100 elementor-top-column elementor-element elementor-element-d428cb5\" data-id=\"d428cb5\" data-element_type=\"column\">\n\t\t\t<div class=\"elementor-widget-wrap elementor-element-populated\">\n\t\t\t\t\t\t\t\t<div class=\"elementor-element elementor-element-0159e62 elementor-view-framed elementor-position-left elementor-shape-circle elementor-mobile-position-top elementor-vertical-align-top elementor-widget elementor-widget-icon-box\" data-id=\"0159e62\" data-element_type=\"widget\" data-widget_type=\"icon-box.default\">\n\t\t\t\t<div class=\"elementor-widget-container\">\n\t\t\t\t\t<div class=\"elementor-icon-box-wrapper\">\n\t\t\t\t\t\t<div class=\"elementor-icon-box-icon\">\n\t\t\t\t<span class=\"elementor-icon elementor-animation-\" >\n\t\t\t\t<i aria-hidden=\"true\" class=\"fas fa-cart-arrow-down\"><\/i>\t\t\t\t<\/span>\n\t\t\t<\/div>\n\t\t\t\t\t\t<div class=\"elementor-icon-box-content\">\n\t\t\t\t<h1 class=\"elementor-icon-box-title\">\n\t\t\t\t\t<span  >\n\t\t\t\t\t\tC\u00d3MO DEVOLVER\t\t\t\t\t<\/span>\n\t\t\t\t<\/h1>\n\t\t\t\t\t\t\t<\/div>\n\t\t<\/div>\n\t\t\t\t<\/div>\n\t\t\t\t<\/div>\n\t\t\t\t<div class=\"elementor-element elementor-element-6f97f17 elementor-widget elementor-widget-text-editor\" data-id=\"6f97f17\" data-element_type=\"widget\" data-widget_type=\"text-editor.default\">\n\t\t\t\t<div class=\"elementor-widget-container\">\n\t\t\t<style>\/*! elementor - v3.12.1 - 02-04-2023 *\/\n.elementor-widget-text-editor.elementor-drop-cap-view-stacked .elementor-drop-cap{background-color:#69727d;color:#fff}.elementor-widget-text-editor.elementor-drop-cap-view-framed .elementor-drop-cap{color:#69727d;border:3px solid;background-color:transparent}.elementor-widget-text-editor:not(.elementor-drop-cap-view-default) .elementor-drop-cap{margin-top:8px}.elementor-widget-text-editor:not(.elementor-drop-cap-view-default) .elementor-drop-cap-letter{width:1em;height:1em}.elementor-widget-text-editor .elementor-drop-cap{float:left;text-align:center;line-height:1;font-size:50px}.elementor-widget-text-editor .elementor-drop-cap-letter{display:inline-block}<\/style>\t\t\t\t<p>Si deseas realizar la devoluci\u00f3n de un art\u00edculo comprado en combustiblesdeseguridad.com, dispones de 30 d\u00edas desde la fecha de env\u00edo de tu pedido para hacerlo de forma gratuita. Los art\u00edculos deben conservar todas las etiquetas y estar en perfecto estado.<\/p>\n<p>Estas son las opciones para devolver tu mercanc\u00eda:<\/p><p><strong>Tienda<\/strong> <br>Puedes devolver tu pedido acerc\u00e1ndote en la tienda f\u00edsica de combustiblesdeseguridad. Solo tendr\u00e1s que presentar los art\u00edculos que quieras devolver junto con el ticket de compra. Puedes llevarlo en tu m\u00f3vil o impreso.<br>Ten en cuenta que si no puedes acudir a la tienda, la persona que t\u00fa elijas podr\u00e1 hacerlo en tu lugar.<\/p>\n<p><strong>\u00bfC\u00f3mo puedes acceder a tu ticket de compra?<\/strong><br>Tu ticket electr\u00f3nico fue entregado al momento de realizar tu compra, es indispensable que lo guardes. <br>Recuerda que tienes que depositar los art\u00edculos a devolver en el punto de entrega en el plazo de 30 d\u00edas desde la fecha de env\u00edo de tu compra, antes de que expire el plazo de devoluci\u00f3n.<br>Puedes encontrar m\u00e1s informaci\u00f3n acerca de la Pol\u00edtica de Cambios y Devoluciones o del derecho de desistimiento en nuestras Condiciones de compra.<\/p>\n<p><strong>Preguntas frecuentes:<\/strong><\/p>\n<ul>\n<li><strong>Solicitud de devoluci\u00f3n<\/strong><br>Recuerda que en caso de realizar una devoluci\u00f3n en punto de entrega, tienes que completar la solicitud de devoluci\u00f3n. No es necesario incluir el ticket impreso. Te recordamos que estas opciones, est\u00e1n \u00fanicamente disponibles para compras online. No son v\u00e1lidas para art\u00edculos que hayan sido comprados en distribuidores como Grupo Favorita, Montero y Kywi.<\/li>\n<li><strong>Modificaci\u00f3n de solicitud de devoluci\u00f3n<\/strong><br>Si deseas modificar o cancelar tu solicitud de devoluci\u00f3n, por favor, contacta con nosotros para que podamos gestionarlo. <\/li>\n<li><strong>Embalaje de la devoluci\u00f3n<\/strong><br>Si ya no dispones del embalaje original, podr\u00e1s devolver tu pedido en cualquier otro, siempre y cuando est\u00e9 bien precintado para evitar el extrav\u00edo de los art\u00edculos, dem\u00e1s de mantener intacta la presentaci\u00f3n de los productos.<\/li>\n<li><strong>Plazo de devoluci\u00f3n<\/strong><br>Recuerda que siempre tienes que entregar los art\u00edculos que quieras devolver en el plazo de 30 d\u00edas, antes de que expire el plazo de devoluci\u00f3n.<\/li>\n<li><strong>Reembolso<\/strong><br>Puedes consultar toda la informaci\u00f3n acerca del reembolso en el apartado <strong>Reembolso<\/strong>.<\/li>\n<\/ul>\t\t\t\t\t\t<\/div>\n\t\t\t\t<\/div>\n\t\t\t\t\t<\/div>\n\t\t<\/div>\n\t\t\t\t\t\t\t<\/div>\n\t\t<\/section>\n\t\t\t\t\t\t\t<\/div>\n\t\t","protected":false},"excerpt":{"rendered":"<p>AYUDA C\u00d3MO DEVOLVER C\u00d3MO CAMBIAR REEMBOLSO C\u00d3MO DEVOLVER Si deseas realizar la devoluci\u00f3n de un art\u00edculo comprado en combustiblesdeseguridad.com, dispones de 30 d\u00edas desde la fecha de env\u00edo de tu pedido para hacerlo de forma gratuita. Los art\u00edculos deben conservar todas las etiquetas y estar en perfecto estado. Estas son las opciones para devolver tu [&hellip;]<\/p>\n","protected":false},"author":1,"featured_media":0,"parent":0,"menu_order":0,"comment_status":"closed","ping_status":"closed","template":"","meta":{"footnotes":""},"class_list":["post-1770","page","type-page","status-publish","hentry","entry"],"_links":{"self":[{"href":"https:\/\/combustiblesdeseguridad.com\/index.php?rest_route=\/wp\/v2\/pages\/1770","targetHints":{"allow":["GET"]}}],"collection":[{"href":"https:\/\/combustiblesdeseguridad.com\/index.php?rest_route=\/wp\/v2\/pages"}],"about":[{"href":"https:\/\/combustiblesdeseguridad.com\/index.php?rest_route=\/wp\/v2\/types\/page"}],"author":[{"embeddable":true,"href":"https:\/\/combustiblesdeseguridad.com\/index.php?rest_route=\/wp\/v2\/users\/1"}],"replies":[{"embeddable":true,"href":"https:\/\/combustiblesdeseguridad.com\/index.php?rest_route=%2Fwp%2Fv2%2Fcomments&post=1770"}],"version-history":[{"count":40,"href":"https:\/\/combustiblesdeseguridad.com\/index.php?rest_route=\/wp\/v2\/pages\/1770\/revisions"}],"predecessor-version":[{"id":3413,"href":"https:\/\/combustiblesdeseguridad.com\/index.php?rest_route=\/wp\/v2\/pages\/1770\/revisions\/3413"}],"wp:attachment":[{"href":"https:\/\/combustiblesdeseguridad.com\/index.php?rest_route=%2Fwp%2Fv2%2Fmedia&parent=1770"}],"curies":[{"name":"wp","href":"https:\/\/api.w.org\/{rel}","templated":true}]}}