{"id":2,"date":"2022-09-02T19:26:56","date_gmt":"2022-09-02T19:26:56","guid":{"rendered":"https:\/\/combustiblesdeseguridad.com\/?page_id=2"},"modified":"2023-05-16T21:49:06","modified_gmt":"2023-05-17T02:49:06","slug":"pagina-ejemplo","status":"publish","type":"page","link":"https:\/\/combustiblesdeseguridad.com\/?page_id=2","title":{"rendered":"Preguntas Frecuentes &#8211; FAQ"},"content":{"rendered":"\t\t<div data-elementor-type=\"wp-page\" data-elementor-id=\"2\" class=\"elementor elementor-2\">\n\t\t\t\t\t\t\t\t\t<section class=\"elementor-section elementor-top-section elementor-element elementor-element-98a1663 elementor-section-boxed elementor-section-height-default elementor-section-height-default\" data-id=\"98a1663\" data-element_type=\"section\">\n\t\t\t\t\t\t<div class=\"elementor-container elementor-column-gap-default\">\n\t\t\t\t\t<div class=\"elementor-column elementor-col-100 elementor-top-column elementor-element elementor-element-fcc15a2\" data-id=\"fcc15a2\" data-element_type=\"column\">\n\t\t\t<div class=\"elementor-widget-wrap elementor-element-populated\">\n\t\t\t\t\t\t\t\t<div class=\"elementor-element elementor-element-07c33f9 elementor-widget elementor-widget-text-editor\" data-id=\"07c33f9\" data-element_type=\"widget\" data-widget_type=\"text-editor.default\">\n\t\t\t\t<div class=\"elementor-widget-container\">\n\t\t\t<style>\/*! elementor - v3.12.1 - 02-04-2023 *\/\n.elementor-widget-text-editor.elementor-drop-cap-view-stacked .elementor-drop-cap{background-color:#69727d;color:#fff}.elementor-widget-text-editor.elementor-drop-cap-view-framed .elementor-drop-cap{color:#69727d;border:3px solid;background-color:transparent}.elementor-widget-text-editor:not(.elementor-drop-cap-view-default) .elementor-drop-cap{margin-top:8px}.elementor-widget-text-editor:not(.elementor-drop-cap-view-default) .elementor-drop-cap-letter{width:1em;height:1em}.elementor-widget-text-editor .elementor-drop-cap{float:left;text-align:center;line-height:1;font-size:50px}.elementor-widget-text-editor .elementor-drop-cap-letter{display:inline-block}<\/style>\t\t\t\t<ul>\n<li><strong>Solicitud de devoluci\u00f3n<\/strong><br>Recuerda que en caso de realizar una devoluci\u00f3n en punto de entrega, tienes que completar la solicitud de devoluci\u00f3n. No es necesario incluir el ticket impreso. Te recordamos que estas opciones, est\u00e1n \u00fanicamente disponibles para compras online. No son v\u00e1lidas para art\u00edculos que hayan sido comprados en distribuidores como Grupo Favorita, Montero y Kywi.<\/li>\n<li><strong>Modificaci\u00f3n de solicitud de devoluci\u00f3n<\/strong><br>Si deseas modificar o cancelar tu solicitud de devoluci\u00f3n, por favor, contacta con nosotros para que podamos gestionarlo.<\/li>\n<li><strong>Embalaje de la devoluci\u00f3n<\/strong><br>Si ya no dispones del embalaje original, podr\u00e1s devolver tu pedido en cualquier otro, siempre y cuando est\u00e9 bien precintado para evitar el extrav\u00edo de los art\u00edculos, dem\u00e1s de mantener intacta la presentaci\u00f3n de los productos.<\/li>\n<li><strong>Plazo de devoluci\u00f3n<\/strong><br>Recuerda que siempre tienes que entregar los art\u00edculos que quieras devolver en el plazo de 30 d\u00edas, antes de que expire el plazo de devoluci\u00f3n.<\/li>\n<li><strong>Reembolso<\/strong><br>Puedes consultar toda la informaci\u00f3n acerca del reembolso en el apartado <strong>Reembolso<\/strong>.<\/li>\n<\/ul>\t\t\t\t\t\t<\/div>\n\t\t\t\t<\/div>\n\t\t\t\t\t<\/div>\n\t\t<\/div>\n\t\t\t\t\t\t\t<\/div>\n\t\t<\/section>\n\t\t\t\t\t\t\t<\/div>\n\t\t","protected":false},"excerpt":{"rendered":"<p>Solicitud de devoluci\u00f3nRecuerda que en caso de realizar una devoluci\u00f3n en punto de entrega, tienes que completar la solicitud de devoluci\u00f3n. No es necesario incluir el ticket impreso. Te recordamos que estas opciones, est\u00e1n \u00fanicamente disponibles para compras online. No son v\u00e1lidas para art\u00edculos que hayan sido comprados en distribuidores como Grupo Favorita, Montero y [&hellip;]<\/p>\n","protected":false},"author":1,"featured_media":0,"parent":0,"menu_order":0,"comment_status":"closed","ping_status":"open","template":"","meta":{"footnotes":""},"class_list":["post-2","page","type-page","status-publish","hentry","entry"],"_links":{"self":[{"href":"https:\/\/combustiblesdeseguridad.com\/index.php?rest_route=\/wp\/v2\/pages\/2","targetHints":{"allow":["GET"]}}],"collection":[{"href":"https:\/\/combustiblesdeseguridad.com\/index.php?rest_route=\/wp\/v2\/pages"}],"about":[{"href":"https:\/\/combustiblesdeseguridad.com\/index.php?rest_route=\/wp\/v2\/types\/page"}],"author":[{"embeddable":true,"href":"https:\/\/combustiblesdeseguridad.com\/index.php?rest_route=\/wp\/v2\/users\/1"}],"replies":[{"embeddable":true,"href":"https:\/\/combustiblesdeseguridad.com\/index.php?rest_route=%2Fwp%2Fv2%2Fcomments&post=2"}],"version-history":[{"count":8,"href":"https:\/\/combustiblesdeseguridad.com\/index.php?rest_route=\/wp\/v2\/pages\/2\/revisions"}],"predecessor-version":[{"id":3501,"href":"https:\/\/combustiblesdeseguridad.com\/index.php?rest_route=\/wp\/v2\/pages\/2\/revisions\/3501"}],"wp:attachment":[{"href":"https:\/\/combustiblesdeseguridad.com\/index.php?rest_route=%2Fwp%2Fv2%2Fmedia&parent=2"}],"curies":[{"name":"wp","href":"https:\/\/api.w.org\/{rel}","templated":true}]}}