{"id":207,"date":"2022-09-08T21:40:49","date_gmt":"2022-09-09T02:40:49","guid":{"rendered":"https:\/\/combustiblesdeseguridad.com\/?page_id=207"},"modified":"2023-05-19T11:02:07","modified_gmt":"2023-05-19T16:02:07","slug":"quienes-somos","status":"publish","type":"page","link":"https:\/\/combustiblesdeseguridad.com\/?page_id=207","title":{"rendered":"Nosotros"},"content":{"rendered":"\t\t<div data-elementor-type=\"wp-page\" data-elementor-id=\"207\" class=\"elementor elementor-207\">\n\t\t\t\t\t\t\t\t\t<section class=\"elementor-section elementor-top-section elementor-element elementor-element-160ea68 elementor-section-boxed elementor-section-height-default elementor-section-height-default elementor-invisible\" data-id=\"160ea68\" data-element_type=\"section\" data-settings=\"{&quot;background_background&quot;:&quot;slideshow&quot;,&quot;background_slideshow_gallery&quot;:[{&quot;id&quot;:3598,&quot;url&quot;:&quot;https:\\\/\\\/combustiblesdeseguridad.com\\\/wp-content\\\/uploads\\\/2023\\\/05\\\/106-1.png&quot;},{&quot;id&quot;:3599,&quot;url&quot;:&quot;https:\\\/\\\/combustiblesdeseguridad.com\\\/wp-content\\\/uploads\\\/2023\\\/05\\\/111-1.png&quot;},{&quot;id&quot;:3600,&quot;url&quot;:&quot;https:\\\/\\\/combustiblesdeseguridad.com\\\/wp-content\\\/uploads\\\/2023\\\/05\\\/112-1.png&quot;},{&quot;id&quot;:3601,&quot;url&quot;:&quot;https:\\\/\\\/combustiblesdeseguridad.com\\\/wp-content\\\/uploads\\\/2023\\\/05\\\/113-1.png&quot;},{&quot;id&quot;:3602,&quot;url&quot;:&quot;https:\\\/\\\/combustiblesdeseguridad.com\\\/wp-content\\\/uploads\\\/2023\\\/05\\\/114-1.png&quot;},{&quot;id&quot;:3603,&quot;url&quot;:&quot;https:\\\/\\\/combustiblesdeseguridad.com\\\/wp-content\\\/uploads\\\/2023\\\/05\\\/115-1.png&quot;},{&quot;id&quot;:3604,&quot;url&quot;:&quot;https:\\\/\\\/combustiblesdeseguridad.com\\\/wp-content\\\/uploads\\\/2023\\\/05\\\/117-1.png&quot;},{&quot;id&quot;:3605,&quot;url&quot;:&quot;https:\\\/\\\/combustiblesdeseguridad.com\\\/wp-content\\\/uploads\\\/2023\\\/05\\\/118-1.png&quot;},{&quot;id&quot;:3606,&quot;url&quot;:&quot;https:\\\/\\\/combustiblesdeseguridad.com\\\/wp-content\\\/uploads\\\/2023\\\/05\\\/121-1.png&quot;}],&quot;background_slideshow_slide_duration&quot;:3000,&quot;background_slideshow_lazyload&quot;:&quot;yes&quot;,&quot;background_slideshow_ken_burns&quot;:&quot;yes&quot;,&quot;animation&quot;:&quot;fadeIn&quot;,&quot;background_slideshow_loop&quot;:&quot;yes&quot;,&quot;background_slideshow_slide_transition&quot;:&quot;fade&quot;,&quot;background_slideshow_transition_duration&quot;:500,&quot;background_slideshow_ken_burns_zoom_direction&quot;:&quot;in&quot;}\">\n\t\t\t\t\t\t\t<div class=\"elementor-background-overlay\"><\/div>\n\t\t\t\t\t\t\t<div class=\"elementor-container elementor-column-gap-no\">\n\t\t\t\t\t<div class=\"elementor-column elementor-col-100 elementor-top-column elementor-element elementor-element-ae8f231\" data-id=\"ae8f231\" data-element_type=\"column\">\n\t\t\t<div class=\"elementor-widget-wrap elementor-element-populated\">\n\t\t\t\t\t\t\t\t<div class=\"elementor-element elementor-element-c3e512e elementor-nav-menu__align-left elementor-nav-menu--dropdown-none elementor-widget__width-initial elementor-absolute elementor-widget elementor-widget-nav-menu\" data-id=\"c3e512e\" data-element_type=\"widget\" data-settings=\"{&quot;layout&quot;:&quot;vertical&quot;,&quot;_position&quot;:&quot;absolute&quot;,&quot;submenu_icon&quot;:{&quot;value&quot;:&quot;&lt;i class=\\&quot;fas fa-caret-down\\&quot;&gt;&lt;\\\/i&gt;&quot;,&quot;library&quot;:&quot;fa-solid&quot;}}\" data-widget_type=\"nav-menu.default\">\n\t\t\t\t<div class=\"elementor-widget-container\">\n\t\t\t<link rel=\"stylesheet\" href=\"https:\/\/combustiblesdeseguridad.com\/wp-content\/plugins\/elementor-pro\/assets\/css\/widget-nav-menu.min.css\">\t\t\t<nav class=\"elementor-nav-menu--main elementor-nav-menu__container elementor-nav-menu--layout-vertical e--pointer-underline e--animation-slide\">\n\t\t\t\t<ul id=\"menu-1-c3e512e\" class=\"elementor-nav-menu sm-vertical\"><li class=\"menu-item menu-item-type-post_type menu-item-object-page menu-item-621\"><a href=\"https:\/\/combustiblesdeseguridad.com\/?page_id=207\" class=\"elementor-item\">Acerca de Combustibles de Seguridad<\/a><\/li>\n<li class=\"menu-item menu-item-type-post_type menu-item-object-page menu-item-620\"><a href=\"https:\/\/combustiblesdeseguridad.com\/?page_id=596\" class=\"elementor-item\">Nuestros Principios<\/a><\/li>\n<li class=\"menu-item menu-item-type-post_type menu-item-object-page menu-item-619\"><a href=\"https:\/\/combustiblesdeseguridad.com\/?page_id=605\" class=\"elementor-item\">\u00bfQu\u00e9 es un Combustible de Seguridad?<\/a><\/li>\n<li class=\"menu-item menu-item-type-post_type menu-item-object-page menu-item-2321\"><a href=\"https:\/\/combustiblesdeseguridad.com\/?page_id=634\" class=\"elementor-item\">Seguridad Alimentaria<\/a><\/li>\n<\/ul>\t\t\t<\/nav>\n\t\t\t\t\t\t<nav class=\"elementor-nav-menu--dropdown elementor-nav-menu__container\" aria-hidden=\"true\">\n\t\t\t\t<ul id=\"menu-2-c3e512e\" class=\"elementor-nav-menu sm-vertical\"><li class=\"menu-item menu-item-type-post_type menu-item-object-page menu-item-621\"><a href=\"https:\/\/combustiblesdeseguridad.com\/?page_id=207\" class=\"elementor-item\" tabindex=\"-1\">Acerca de Combustibles de Seguridad<\/a><\/li>\n<li class=\"menu-item menu-item-type-post_type menu-item-object-page menu-item-620\"><a href=\"https:\/\/combustiblesdeseguridad.com\/?page_id=596\" class=\"elementor-item\" tabindex=\"-1\">Nuestros Principios<\/a><\/li>\n<li class=\"menu-item menu-item-type-post_type menu-item-object-page menu-item-619\"><a href=\"https:\/\/combustiblesdeseguridad.com\/?page_id=605\" class=\"elementor-item\" tabindex=\"-1\">\u00bfQu\u00e9 es un Combustible de Seguridad?<\/a><\/li>\n<li class=\"menu-item menu-item-type-post_type menu-item-object-page menu-item-2321\"><a href=\"https:\/\/combustiblesdeseguridad.com\/?page_id=634\" class=\"elementor-item\" tabindex=\"-1\">Seguridad Alimentaria<\/a><\/li>\n<\/ul>\t\t\t<\/nav>\n\t\t\t\t<\/div>\n\t\t\t\t<\/div>\n\t\t\t\t<div class=\"elementor-element elementor-element-d70e6f7 elementor-widget-mobile__width-initial elementor-widget elementor-widget-image\" data-id=\"d70e6f7\" data-element_type=\"widget\" data-widget_type=\"image.default\">\n\t\t\t\t<div class=\"elementor-widget-container\">\n\t\t\t<style>\/*! elementor - v3.12.1 - 02-04-2023 *\/\n.elementor-widget-image{text-align:center}.elementor-widget-image a{display:inline-block}.elementor-widget-image a img[src$=\".svg\"]{width:48px}.elementor-widget-image img{vertical-align:middle;display:inline-block}<\/style>\t\t\t\t\t\t\t\t\t\t\t\t<img loading=\"lazy\" decoding=\"async\" width=\"730\" height=\"264\" src=\"https:\/\/combustiblesdeseguridad.com\/wp-content\/uploads\/2022\/09\/quienes-somos-mechero-flamma-ecuador.jpg\" class=\"attachment-full size-full wp-image-590\" alt=\"\" srcset=\"https:\/\/combustiblesdeseguridad.com\/wp-content\/uploads\/2022\/09\/quienes-somos-mechero-flamma-ecuador.jpg 730w, https:\/\/combustiblesdeseguridad.com\/wp-content\/uploads\/2022\/09\/quienes-somos-mechero-flamma-ecuador-300x108.jpg 300w, https:\/\/combustiblesdeseguridad.com\/wp-content\/uploads\/2022\/09\/quienes-somos-mechero-flamma-ecuador-600x217.jpg 600w\" sizes=\"auto, (max-width: 730px) 100vw, 730px\" \/>\t\t\t\t\t\t\t\t\t\t\t\t\t\t\t<\/div>\n\t\t\t\t<\/div>\n\t\t\t\t\t<\/div>\n\t\t<\/div>\n\t\t\t\t\t\t\t<\/div>\n\t\t<\/section>\n\t\t\t\t<section class=\"elementor-section elementor-top-section elementor-element elementor-element-91c3b44 animated-slow elementor-section-boxed elementor-section-height-default elementor-section-height-default elementor-invisible\" data-id=\"91c3b44\" data-element_type=\"section\" data-settings=\"{&quot;animation&quot;:&quot;fadeInUp&quot;}\">\n\t\t\t\t\t\t<div class=\"elementor-container elementor-column-gap-default\">\n\t\t\t\t\t<div class=\"elementor-column elementor-col-100 elementor-top-column elementor-element elementor-element-23c75c5\" data-id=\"23c75c5\" data-element_type=\"column\">\n\t\t\t<div class=\"elementor-widget-wrap elementor-element-populated\">\n\t\t\t\t\t\t\t\t<div class=\"elementor-element elementor-element-8c7d51b elementor-widget elementor-widget-text-editor\" data-id=\"8c7d51b\" data-element_type=\"widget\" data-widget_type=\"text-editor.default\">\n\t\t\t\t<div class=\"elementor-widget-container\">\n\t\t\t<style>\/*! elementor - v3.12.1 - 02-04-2023 *\/\n.elementor-widget-text-editor.elementor-drop-cap-view-stacked .elementor-drop-cap{background-color:#69727d;color:#fff}.elementor-widget-text-editor.elementor-drop-cap-view-framed .elementor-drop-cap{color:#69727d;border:3px solid;background-color:transparent}.elementor-widget-text-editor:not(.elementor-drop-cap-view-default) .elementor-drop-cap{margin-top:8px}.elementor-widget-text-editor:not(.elementor-drop-cap-view-default) .elementor-drop-cap-letter{width:1em;height:1em}.elementor-widget-text-editor .elementor-drop-cap{float:left;text-align:center;line-height:1;font-size:50px}.elementor-widget-text-editor .elementor-drop-cap-letter{display:inline-block}<\/style>\t\t\t\t<p>Somos una s\u00f3lida empresa ecuatoriana dedicada, desde el a\u00f1o <strong>1994<\/strong>, a la elaboraci\u00f3n y comercializaci\u00f3n de <strong>combustibles de seguridad<\/strong> <span style=\"text-decoration: underline;\">especialmente utilizados en eventos sociales.<\/span><\/p><p>Recordemos que no contar con una temperatura id\u00f3nea para la conservaci\u00f3n de los alimentos, puede generar enfermedades como la salmonelosis que son provocadas por temperaturas menores a los 60\u00ba. Asimismo, nuestros combustibles son elaborados con materiales ecol\u00f3gicos y seguros, <strong>garantizando un producto que no sea t\u00f3xico ni altamente inflamable<\/strong>, como lo es el alcohol industrial el cual ha sido utilizado err\u00f3neamente como combustible.<\/p><p>Es por ello que, <strong>nuestros combustibles le proporcionan un servicio seguro y de gran calidad<\/strong> al brindarle una temperatura constante, duradera y segura que le garantice el \u00e9xito de su evento o actividad. Adem\u00e1s de todo ello, nuestros productos son de f\u00e1cil manejo y control para su tranquilidad.<\/p><p>En la actualidad, nuestra empresa abastece a los principales <strong>Hoteles y Restaurantes de las Ciudades de Quito, Guayaquil y Cuenca,<\/strong>\u00a0as\u00ed como el resto del Ecuador<\/p>\t\t\t\t\t\t<\/div>\n\t\t\t\t<\/div>\n\t\t\t\t\t<\/div>\n\t\t<\/div>\n\t\t\t\t\t\t\t<\/div>\n\t\t<\/section>\n\t\t\t\t<section class=\"elementor-section elementor-top-section elementor-element elementor-element-a321625 elementor-section-boxed elementor-section-height-default elementor-section-height-default elementor-invisible\" data-id=\"a321625\" data-element_type=\"section\" data-settings=\"{&quot;animation&quot;:&quot;zoomIn&quot;}\">\n\t\t\t\t\t\t<div class=\"elementor-container elementor-column-gap-default\">\n\t\t\t\t\t<div class=\"elementor-column elementor-col-50 elementor-top-column elementor-element elementor-element-45beced\" data-id=\"45beced\" data-element_type=\"column\">\n\t\t\t<div class=\"elementor-widget-wrap elementor-element-populated\">\n\t\t\t\t\t\t\t\t<div class=\"elementor-element elementor-element-9f6a850 elementor-widget elementor-widget-google_maps\" data-id=\"9f6a850\" data-element_type=\"widget\" data-widget_type=\"google_maps.default\">\n\t\t\t\t<div class=\"elementor-widget-container\">\n\t\t\t<style>\/*! elementor - v3.12.1 - 02-04-2023 *\/\n.elementor-widget-google_maps .elementor-widget-container{overflow:hidden}.elementor-widget-google_maps .elementor-custom-embed{line-height:0}.elementor-widget-google_maps iframe{height:300px}<\/style>\t\t<div class=\"elementor-custom-embed\">\n\t\t\t<iframe loading=\"lazy\"\n\t\t\t\t\tsrc=\"https:\/\/maps.google.com\/maps?q=combustibles%20de%20seguridad%20ecuador&#038;t=m&#038;z=7&#038;output=embed&#038;iwloc=near\"\n\t\t\t\t\ttitle=\"combustibles de seguridad ecuador\"\n\t\t\t\t\taria-label=\"combustibles de seguridad ecuador\"\n\t\t\t><\/iframe>\n\t\t<\/div>\n\t\t\t\t<\/div>\n\t\t\t\t<\/div>\n\t\t\t\t\t<\/div>\n\t\t<\/div>\n\t\t\t\t<div class=\"elementor-column elementor-col-50 elementor-top-column elementor-element elementor-element-9d8cd83\" data-id=\"9d8cd83\" data-element_type=\"column\">\n\t\t\t<div class=\"elementor-widget-wrap elementor-element-populated\">\n\t\t\t\t\t\t\t\t<div class=\"elementor-element elementor-element-1327da2 elementor-widget-mobile__width-inherit elementor-widget elementor-widget-text-editor\" data-id=\"1327da2\" data-element_type=\"widget\" data-widget_type=\"text-editor.default\">\n\t\t\t\t<div class=\"elementor-widget-container\">\n\t\t\t\t\t\t\t<h2><span style=\"color: #ff0000;\"><strong>Datos de contacto:<\/strong><\/span><\/h2><p><span class=\"fe5nidar khvhiq1o r5qsrrlp i5tg98hk f9ovudaz przvwfww gx1rr48f gfz4du6o r7fjleex nz2484kf svot0ezm dcnh1tix sxl192xd t3g6t33p\"><span class=\"mpj7bzys xzlurrtv\">\ud83d\udcde <\/span><\/span>(02) 2466843\u00a0<\/p><p><span class=\"fe5nidar khvhiq1o r5qsrrlp i5tg98hk f9ovudaz przvwfww gx1rr48f gfz4du6o r7fjleex nz2484kf svot0ezm dcnh1tix sxl192xd t3g6t33p\"><span class=\"mpj7bzys xzlurrtv\">\ud83d\udcde (02) <\/span><\/span>2458076\u00a0<\/p><p><span class=\"fe5nidar khvhiq1o r5qsrrlp i5tg98hk f9ovudaz przvwfww gx1rr48f gfz4du6o r7fjleex nz2484kf svot0ezm dcnh1tix sxl192xd t3g6t33p\"><span class=\"mpj7bzys xzlurrtv\">\ud83d\udcde <\/span><\/span>(02) 2275044<\/p><p><span class=\"fe5nidar khvhiq1o r5qsrrlp i5tg98hk f9ovudaz przvwfww gx1rr48f gfz4du6o r7fjleex nz2484kf svot0ezm dcnh1tix sxl192xd t3g6t33p\"><span class=\"mpj7bzys xzlurrtv\">\ud83d\udcf1+59 3<\/span><\/span>996361551<\/p><p><span class=\"qu\" tabindex=\"-1\" role=\"gridcell\" translate=\"no\"><span class=\"go\"><a href=\"flammafogon@hotmail.com\">flammafogon@hotmail.com<\/a>\u00a0<\/span><\/span><span class=\"fe5nidar khvhiq1o r5qsrrlp i5tg98hk f9ovudaz przvwfww gx1rr48f gfz4du6o r7fjleex nz2484kf svot0ezm dcnh1tix sxl192xd t3g6t33p\"><span class=\"mpj7bzys xzlurrtv\">\ud83d\udce9<\/span><\/span><\/p><p>Alberto Guerrero N34-70 y Federico P\u00e1ez (Bat\u00e1n Alto)<\/p><p><strong>Quito &#8211; Ecuador<\/strong><\/p>\t\t\t\t\t\t<\/div>\n\t\t\t\t<\/div>\n\t\t\t\t\t<\/div>\n\t\t<\/div>\n\t\t\t\t\t\t\t<\/div>\n\t\t<\/section>\n\t\t\t\t\t\t\t<\/div>\n\t\t","protected":false},"excerpt":{"rendered":"<p>Somos una s\u00f3lida empresa ecuatoriana dedicada, desde el a\u00f1o 1994, a la elaboraci\u00f3n y comercializaci\u00f3n de combustibles de seguridad especialmente utilizados en eventos sociales. Recordemos que no contar con una temperatura id\u00f3nea para la conservaci\u00f3n de los alimentos, puede generar enfermedades como la salmonelosis que son provocadas por temperaturas menores a los 60\u00ba. Asimismo, nuestros [&hellip;]<\/p>\n","protected":false},"author":1,"featured_media":590,"parent":0,"menu_order":0,"comment_status":"closed","ping_status":"closed","template":"elementor_header_footer","meta":{"footnotes":""},"class_list":["post-207","page","type-page","status-publish","has-post-thumbnail","hentry","entry","has-media"],"_links":{"self":[{"href":"https:\/\/combustiblesdeseguridad.com\/index.php?rest_route=\/wp\/v2\/pages\/207","targetHints":{"allow":["GET"]}}],"collection":[{"href":"https:\/\/combustiblesdeseguridad.com\/index.php?rest_route=\/wp\/v2\/pages"}],"about":[{"href":"https:\/\/combustiblesdeseguridad.com\/index.php?rest_route=\/wp\/v2\/types\/page"}],"author":[{"embeddable":true,"href":"https:\/\/combustiblesdeseguridad.com\/index.php?rest_route=\/wp\/v2\/users\/1"}],"replies":[{"embeddable":true,"href":"https:\/\/combustiblesdeseguridad.com\/index.php?rest_route=%2Fwp%2Fv2%2Fcomments&post=207"}],"version-history":[{"count":214,"href":"https:\/\/combustiblesdeseguridad.com\/index.php?rest_route=\/wp\/v2\/pages\/207\/revisions"}],"predecessor-version":[{"id":3612,"href":"https:\/\/combustiblesdeseguridad.com\/index.php?rest_route=\/wp\/v2\/pages\/207\/revisions\/3612"}],"wp:featuredmedia":[{"embeddable":true,"href":"https:\/\/combustiblesdeseguridad.com\/index.php?rest_route=\/wp\/v2\/media\/590"}],"wp:attachment":[{"href":"https:\/\/combustiblesdeseguridad.com\/index.php?rest_route=%2Fwp%2Fv2%2Fmedia&parent=207"}],"curies":[{"name":"wp","href":"https:\/\/api.w.org\/{rel}","templated":true}]}}